{"id":397,"date":"2014-02-14T20:14:47","date_gmt":"2014-02-14T18:14:47","guid":{"rendered":"http:\/\/sigridweppelmann.de\/wordpress\/?page_id=397"},"modified":"2014-02-15T19:36:12","modified_gmt":"2014-02-15T17:36:12","slug":"impressum-2","status":"publish","type":"page","link":"https:\/\/pferderleben.de\/?page_id=397","title":{"rendered":"Impressum"},"content":{"rendered":"<p>Sigrid Weppelmann, Stripperhook 34, 48653 Coesfeld<\/p>\n<p>Die auf den Webseiten zur Verf\u00fcgung gestellten Informationen werden unter Beachtung gr\u00f6\u00dfter Sorgfalt laufend aktualisiert und erg\u00e4nzt. Dennoch kann keine Garantie f\u00fcr die Richtigkeit und Vollst\u00e4ndigkeit der angegebenen Daten \u00fcbernommen werden, da eine zwischenzeitlich eingetretene \u00c4nderung nicht g\u00e4nzlich auszuschlie\u00dfen ist. Dies gilt ebenso f\u00fcr s\u00e4mtliche Webseiten Dritter, auf die durch einen Hyperlink verwiesen wird. Dort enthaltene Informationen stehen im alleinigen Verantwortungsbereich ihres Herstellers bzw. Verwenders. Mit Urteil vom 12. Mai 1998 &#8211; 312 O 85\/98 &#8211; &#8222;Haftung f\u00fcr Links&#8220; hat das Landgericht Hamburg entschieden, dass man durch die Ausbringung eines Links die Inhalte der gelinkten Seite ggf. mitzuverantworten hat. Dies kann &#8211; so das LG &#8211; nur dadurch verhindert werden, dass man sich ausdr\u00fccklich von diesen Inhalten distanziert. Wir haben auf verschiedenen Seiten dieser Website Links zu anderen Seiten im Internet gelegt. Wir m\u00f6chten ausdr\u00fccklich betonen, dass wir keinerlei Einfluss auf die Gestaltung und die Inhalte der gelinkten Seiten haben. Deshalb distanzieren wir uns hiermit ausdr\u00fccklich von allen Inhalten aller gelinkten Seiten auf unserer Website und machen uns ihre Inhalte nicht zueigen. Diese Erkl\u00e4rung gilt f\u00fcr alle auf unserer Website existierenden Links.Wir schlie\u00dfen demnach jegliche Haftung im oben genannten Zusammenhang aus.Inhalt und Gestaltung der Webseiten sind urheberrechtlich gesch\u00fctzt und d\u00fcrfen ausschlie\u00dflich von autorisierten Personen ge\u00e4ndert oder erg\u00e4nzt werden. Die Vervielf\u00e4ltigung der enthaltenen Daten und Informationen bedarf der vorherigen schriftlichen Zustimmung des Betreibers. Dies gilt insbesondere f\u00fcr die Vervielf\u00e4ltigung, \u00dcbersetzung oder die Verwendung in elektronischen Systemen.<\/p>\n<p>&nbsp;<\/p>\n<p>\u00a9 Alle Rechte vorbehalten.<\/p>\n","protected":false},"excerpt":{"rendered":"<p>Sigrid Weppelmann, Stripperhook 34, 48653 Coesfeld Die auf den Webseiten zur Verf\u00fcgung gestellten Informationen werden unter Beachtung gr\u00f6\u00dfter Sorgfalt laufend aktualisiert und erg\u00e4nzt. Dennoch kann keine Garantie f\u00fcr die Richtigkeit und Vollst\u00e4ndigkeit der angegebenen Daten \u00fcbernommen werden, da eine zwischenzeitlich &hellip; <a href=\"https:\/\/pferderleben.de\/?page_id=397\">Weiterlesen <span class=\"meta-nav\">&rarr;<\/span><\/a><\/p>\n","protected":false},"author":1,"featured_media":0,"parent":0,"menu_order":0,"comment_status":"closed","ping_status":"closed","template":"","meta":{"_bbp_topic_count":0,"_bbp_reply_count":0,"_bbp_total_topic_count":0,"_bbp_total_reply_count":0,"_bbp_voice_count":0,"_bbp_anonymous_reply_count":0,"_bbp_topic_count_hidden":0,"_bbp_reply_count_hidden":0,"_bbp_forum_subforum_count":0},"_links":{"self":[{"href":"https:\/\/pferderleben.de\/index.php?rest_route=\/wp\/v2\/pages\/397"}],"collection":[{"href":"https:\/\/pferderleben.de\/index.php?rest_route=\/wp\/v2\/pages"}],"about":[{"href":"https:\/\/pferderleben.de\/index.php?rest_route=\/wp\/v2\/types\/page"}],"author":[{"embeddable":true,"href":"https:\/\/pferderleben.de\/index.php?rest_route=\/wp\/v2\/users\/1"}],"replies":[{"embeddable":true,"href":"https:\/\/pferderleben.de\/index.php?rest_route=%2Fwp%2Fv2%2Fcomments&post=397"}],"version-history":[{"count":3,"href":"https:\/\/pferderleben.de\/index.php?rest_route=\/wp\/v2\/pages\/397\/revisions"}],"predecessor-version":[{"id":414,"href":"https:\/\/pferderleben.de\/index.php?rest_route=\/wp\/v2\/pages\/397\/revisions\/414"}],"wp:attachment":[{"href":"https:\/\/pferderleben.de\/index.php?rest_route=%2Fwp%2Fv2%2Fmedia&parent=397"}],"curies":[{"name":"wp","href":"https:\/\/api.w.org\/{rel}","templated":true}]}}