{"id":326,"date":"2014-02-08T08:19:44","date_gmt":"2014-02-08T06:19:44","guid":{"rendered":"http:\/\/sigridweppelmann.de\/wordpress\/?page_id=326"},"modified":"2014-02-08T08:21:30","modified_gmt":"2014-02-08T06:21:30","slug":"gedanken-zum-pferd","status":"publish","type":"page","link":"https:\/\/pferderleben.de\/?page_id=326","title":{"rendered":"Gedanken zum Pferd"},"content":{"rendered":"<p align=\"LEFT\">Nicht nur Reiten, auch Fahren, Voltigieren und jede Art sich<br \/>\naktiv mit Pferden zu befassen macht Spass.<\/p>\n<p align=\"LEFT\">Seit mehr als 30 Jahren besch\u00e4ftige ich mich mit dem Thema \u201ePferd\u201c und das Sch\u00f6nste daran ist, es wird niemals enden, denn man lernt nicht aus. Es bleibt abwechslungsreich und spannend. Meine Leidenschaft ist Dressurreiten \u2013 auch im Gel\u00e4nde. In entspannter Atmosph\u00e4re den Partner Pferd zu sensibilisieren und sich selbst nat\u00fcrlich auch, daran habe ich Freude.<\/p>\n<p align=\"LEFT\">Angefangen hat es wie bei den meisten in einem Reitverein auf Schulpferden. Daran schloss sich eine lange Zeit mit sogenannten Pflegepferden an. Hierdurch habe ich eine Vielzahl verschiedener Charaktere unter den Vierbeinern kennen gelernt. Verschiedene Rassen und Reitweisen.<\/p>\n<p align=\"LEFT\">Nicht missen m\u00f6chte ich die Zeit, in der ich auf einem Trabergest\u00fct meine Dressurarbeit im Gel\u00e4nde erprobt habe. Heute bin ich Trainerin A mit der Erg\u00e4nzung f\u00fcr Dressur bis zur Klasse S. Au\u00dferdem Fach\u00fcbungsleiterin Pr\u00e4vention m Reiten als Gesundheitssport.<\/p>\n<p>Wir leben nun seit 20 Jahren mit uneren Pferden auf dem Land. Mit Freude arbeite ich mit<br \/>\nReitvereinen, Pferdebetrieben und bei mir daheim mit Pferd und Mensch.<\/p>\n<p align=\"LEFT\">Die Pferde, die ich ausbilde, sollen ein Gef\u00fchl von Sicherheit vermitteln. Mein Unterricht richtet sich an Kinder, Jugendliche und Erwachsene, die gerne anfangen m\u00f6chten zu reiten, die sich festgefahren haben oder die einen Denkansto\u00df brauchen. Ebenso trainiere ich Reiter f\u00fcr die konkrete Vorbereitung auf den Turniersport.<\/p>\n<p align=\"LEFT\">In individuellen Einzel- maximal Zweier-Stunden arbeite ich mit meinen Sch\u00fclern \u2013 h\u00e4ufig bei Wind und Wetter. Untermauert wird der praxisorientierte Unterricht durch Theorie.<\/p>\n<p align=\"LEFT\">Ich freue mich auf Sie<\/p>\n","protected":false},"excerpt":{"rendered":"<p>Nicht nur Reiten, auch Fahren, Voltigieren und jede Art sich aktiv mit Pferden zu befassen macht Spass. Seit mehr als 30 Jahren besch\u00e4ftige ich mich mit dem Thema \u201ePferd\u201c und das Sch\u00f6nste daran ist, es wird niemals enden, denn man &hellip; <a href=\"https:\/\/pferderleben.de\/?page_id=326\">Weiterlesen <span class=\"meta-nav\">&rarr;<\/span><\/a><\/p>\n","protected":false},"author":1,"featured_media":0,"parent":112,"menu_order":0,"comment_status":"closed","ping_status":"closed","template":"","meta":{"_bbp_topic_count":0,"_bbp_reply_count":0,"_bbp_total_topic_count":0,"_bbp_total_reply_count":0,"_bbp_voice_count":0,"_bbp_anonymous_reply_count":0,"_bbp_topic_count_hidden":0,"_bbp_reply_count_hidden":0,"_bbp_forum_subforum_count":0},"_links":{"self":[{"href":"https:\/\/pferderleben.de\/index.php?rest_route=\/wp\/v2\/pages\/326"}],"collection":[{"href":"https:\/\/pferderleben.de\/index.php?rest_route=\/wp\/v2\/pages"}],"about":[{"href":"https:\/\/pferderleben.de\/index.php?rest_route=\/wp\/v2\/types\/page"}],"author":[{"embeddable":true,"href":"https:\/\/pferderleben.de\/index.php?rest_route=\/wp\/v2\/users\/1"}],"replies":[{"embeddable":true,"href":"https:\/\/pferderleben.de\/index.php?rest_route=%2Fwp%2Fv2%2Fcomments&post=326"}],"version-history":[{"count":4,"href":"https:\/\/pferderleben.de\/index.php?rest_route=\/wp\/v2\/pages\/326\/revisions"}],"predecessor-version":[{"id":332,"href":"https:\/\/pferderleben.de\/index.php?rest_route=\/wp\/v2\/pages\/326\/revisions\/332"}],"up":[{"embeddable":true,"href":"https:\/\/pferderleben.de\/index.php?rest_route=\/wp\/v2\/pages\/112"}],"wp:attachment":[{"href":"https:\/\/pferderleben.de\/index.php?rest_route=%2Fwp%2Fv2%2Fmedia&parent=326"}],"curies":[{"name":"wp","href":"https:\/\/api.w.org\/{rel}","templated":true}]}}